{"id":2687,"date":"2024-11-21T22:12:01","date_gmt":"2024-11-21T21:12:01","guid":{"rendered":"https:\/\/22lampef.bplaced.net\/?post_type=product&#038;p=2687"},"modified":"2024-12-13T10:19:44","modified_gmt":"2024-12-13T09:19:44","slug":"berliner-luft-bangarang-energy","status":"publish","type":"product","link":"https:\/\/22lampef.bplaced.net\/?product=berliner-luft-bangarang-energy","title":{"rendered":"Berliner Luft Bangarang Energy"},"content":{"rendered":"<div id=\"block_014b0f0b43065cd2d05668f0621f0eff\" class=\"block block-single-product is-style-eristoff-single-product-red valign_center align_center\">\n<div class=\"block-single-product__wrapper\">\n<div class=\"block-single-product__container\">\n<div class=\"block-single-product__data\">\n<div class=\"block-single-product__description\">\n<p>&#8218;Der frische Pfefferminzlik\u00f6r&#8216; in einer epischen Verbindung mit Energy Flavor. So lautet das Erfolgsrezept f\u00fcr die perfekte Clubnacht. Berliner Luft Bangarang steckt voller Power, Party und Spa\u00df. Langweilig war definitiv gestern. Ob pur, auf Eis oder im Longdrink &#8211; der Geschmack eines Energy-Drinks kombiniert mit frischer Pfefferminze.<\/p>\n<\/div>\n<\/div>\n<\/div>\n<\/div>\n<\/div>\n","protected":false},"excerpt":{"rendered":"<p>&#8218;Der frische Pfefferminzlik\u00f6r&#8216; in einer epischen Verbindung mit Energy Flavor. So lautet das Erfolgsrezept f\u00fcr die perfekte Clubnacht. Berliner Luft Bangarang steckt voller Power, Party und Spa\u00df. Langweilig war definitiv gestern. Ob pur, auf Eis oder im Longdrink &#8211; der Geschmack eines Energy-Drinks kombiniert mit frischer Pfefferminze.<\/p>\n","protected":false},"featured_media":2728,"comment_status":"open","ping_status":"closed","template":"","meta":[],"product_brand":[],"product_cat":[174],"product_tag":[175,176],"class_list":{"0":"post-2687","1":"product","2":"type-product","3":"status-publish","4":"has-post-thumbnail","6":"product_cat-berliner-luft","7":"product_tag-berliner","8":"product_tag-luft","10":"first","11":"instock","12":"featured","13":"downloadable","14":"virtual","15":"purchasable","16":"product-type-simple"},"_links":{"self":[{"href":"https:\/\/22lampef.bplaced.net\/index.php?rest_route=\/wp\/v2\/product\/2687","targetHints":{"allow":["GET"]}}],"collection":[{"href":"https:\/\/22lampef.bplaced.net\/index.php?rest_route=\/wp\/v2\/product"}],"about":[{"href":"https:\/\/22lampef.bplaced.net\/index.php?rest_route=\/wp\/v2\/types\/product"}],"replies":[{"embeddable":true,"href":"https:\/\/22lampef.bplaced.net\/index.php?rest_route=%2Fwp%2Fv2%2Fcomments&post=2687"}],"wp:featuredmedia":[{"embeddable":true,"href":"https:\/\/22lampef.bplaced.net\/index.php?rest_route=\/wp\/v2\/media\/2728"}],"wp:attachment":[{"href":"https:\/\/22lampef.bplaced.net\/index.php?rest_route=%2Fwp%2Fv2%2Fmedia&parent=2687"}],"wp:term":[{"taxonomy":"product_brand","embeddable":true,"href":"https:\/\/22lampef.bplaced.net\/index.php?rest_route=%2Fwp%2Fv2%2Fproduct_brand&post=2687"},{"taxonomy":"product_cat","embeddable":true,"href":"https:\/\/22lampef.bplaced.net\/index.php?rest_route=%2Fwp%2Fv2%2Fproduct_cat&post=2687"},{"taxonomy":"product_tag","embeddable":true,"href":"https:\/\/22lampef.bplaced.net\/index.php?rest_route=%2Fwp%2Fv2%2Fproduct_tag&post=2687"}],"curies":[{"name":"wp","href":"https:\/\/api.w.org\/{rel}","templated":true}]}}