{"id":2695,"date":"2024-11-22T09:01:13","date_gmt":"2024-11-22T08:01:13","guid":{"rendered":"https:\/\/22lampef.bplaced.net\/?post_type=product&#038;p=2695"},"modified":"2024-12-13T10:08:00","modified_gmt":"2024-12-13T09:08:00","slug":"berliner-luft-bangarang-energy-kopie","status":"publish","type":"product","link":"https:\/\/22lampef.bplaced.net\/?product=berliner-luft-bangarang-energy-kopie","title":{"rendered":"Berliner Luft Eisbonbon 3L"},"content":{"rendered":"<div id=\"block_014b0f0b43065cd2d05668f0621f0eff\" class=\"block block-single-product is-style-eristoff-single-product-red valign_center align_center\">\n<div class=\"block-single-product__wrapper\">\n<div class=\"block-single-product__container\">\n<div class=\"block-single-product__data\">\n<div class=\"block-single-product__description\">\n<p>Die neue Rezeptur des Berliner Luft Eisbonbons ist eine spannende Fresh-Fresh-Kombination aus der<br \/>\nf\u00fcr die Berliner Luft typischen Pfefferminznote und cool-freshem Eisbonbon-Geschmack. S\u00fc\u00dfe und<br \/>\nFrische aus beiden Komponenten f\u00fchren zu einem einzigartigen und unvergesslich-harmonischen<br \/>\nGeschmackserlebnis, das f\u00fcr \u201eLuft-Schnapp-Momente&#8220; sorgen wird. Der Sommer kann kommen.<br \/>\nLeuchtend himmelblau ist das neue Cool.<\/p>\n<p>JETZT MIT 3L F\u00dcR DEN EXTRA KICK!<\/p>\n<\/div>\n<\/div>\n<\/div>\n<\/div>\n<\/div>\n","protected":false},"excerpt":{"rendered":"<p>Die neue Rezeptur des Berliner Luft Eisbonbons ist eine spannende Fresh-Fresh-Kombination aus der f\u00fcr die Berliner Luft typischen Pfefferminznote und cool-freshem Eisbonbon-Geschmack. S\u00fc\u00dfe und Frische aus beiden Komponenten f\u00fchren zu einem einzigartigen und unvergesslich-harmonischen Geschmackserlebnis, das f\u00fcr \u201eLuft-Schnapp-Momente&#8220; sorgen wird. Der Sommer kann kommen. Leuchtend himmelblau ist das neue Cool. JETZT MIT 3L F\u00dcR DEN EXTRA KICK!<\/p>\n","protected":false},"featured_media":2725,"comment_status":"open","ping_status":"closed","template":"","meta":[],"product_brand":[],"product_cat":[174],"product_tag":[179,178,175,176],"class_list":{"0":"post-2695","1":"product","2":"type-product","3":"status-publish","4":"has-post-thumbnail","6":"product_cat-berliner-luft","7":"product_tag-179","8":"product_tag-3l","9":"product_tag-berliner","10":"product_tag-luft","12":"first","13":"instock","14":"featured","15":"downloadable","16":"virtual","17":"purchasable","18":"product-type-simple"},"_links":{"self":[{"href":"https:\/\/22lampef.bplaced.net\/index.php?rest_route=\/wp\/v2\/product\/2695","targetHints":{"allow":["GET"]}}],"collection":[{"href":"https:\/\/22lampef.bplaced.net\/index.php?rest_route=\/wp\/v2\/product"}],"about":[{"href":"https:\/\/22lampef.bplaced.net\/index.php?rest_route=\/wp\/v2\/types\/product"}],"replies":[{"embeddable":true,"href":"https:\/\/22lampef.bplaced.net\/index.php?rest_route=%2Fwp%2Fv2%2Fcomments&post=2695"}],"wp:featuredmedia":[{"embeddable":true,"href":"https:\/\/22lampef.bplaced.net\/index.php?rest_route=\/wp\/v2\/media\/2725"}],"wp:attachment":[{"href":"https:\/\/22lampef.bplaced.net\/index.php?rest_route=%2Fwp%2Fv2%2Fmedia&parent=2695"}],"wp:term":[{"taxonomy":"product_brand","embeddable":true,"href":"https:\/\/22lampef.bplaced.net\/index.php?rest_route=%2Fwp%2Fv2%2Fproduct_brand&post=2695"},{"taxonomy":"product_cat","embeddable":true,"href":"https:\/\/22lampef.bplaced.net\/index.php?rest_route=%2Fwp%2Fv2%2Fproduct_cat&post=2695"},{"taxonomy":"product_tag","embeddable":true,"href":"https:\/\/22lampef.bplaced.net\/index.php?rest_route=%2Fwp%2Fv2%2Fproduct_tag&post=2695"}],"curies":[{"name":"wp","href":"https:\/\/api.w.org\/{rel}","templated":true}]}}