{"id":2696,"date":"2024-11-22T09:02:53","date_gmt":"2024-11-22T08:02:53","guid":{"rendered":"https:\/\/22lampef.bplaced.net\/?post_type=product&#038;p=2696"},"modified":"2024-12-13T10:07:43","modified_gmt":"2024-12-13T09:07:43","slug":"berliner-luft-chilleoke","status":"publish","type":"product","link":"https:\/\/22lampef.bplaced.net\/?product=berliner-luft-chilleoke","title":{"rendered":"Berliner Luft Chilleoke"},"content":{"rendered":"<div id=\"block_014b0f0b43065cd2d05668f0621f0eff\" class=\"block block-single-product is-style-eristoff-single-product-red valign_center align_center\">\n<div class=\"block-single-product__wrapper\">\n<div class=\"block-single-product__container\">\n<div class=\"block-single-product__data\">\n<div class=\"block-single-product__description\">\n<p>Berliner Luft mit Chili? Her damit! Berliner Luft kennt man durch ihre wahnsinnig erfrischende Pfefferminznote. Bei Berliner Luft Chilleoke ist das ein wenig anders: Der Pfefferminzlik\u00f6r wurde um eine feurig-scharfe Chilinote und Schoko-Kirsch-Noten erg\u00e4nzt. Wir haben die Berliner Luft mit Chili schon probiert und waren \u00fcberrascht, wie scharf der Lik\u00f6r ist! Berliner Luft Chilleoke ist also nichts f\u00fcr schwache Nerven.<\/p>\n<\/div>\n<\/div>\n<\/div>\n<\/div>\n<\/div>\n","protected":false},"excerpt":{"rendered":"<p>Berliner Luft mit Chili? Her damit! Berliner Luft kennt man durch ihre wahnsinnig erfrischende Pfefferminznote. Bei Berliner Luft Chilleoke ist das ein wenig anders: Der Pfefferminzlik\u00f6r wurde um eine feurig-scharfe Chilinote und Schoko-Kirsch-Noten erg\u00e4nzt. Wir haben die Berliner Luft mit Chili schon probiert und waren \u00fcberrascht, wie scharf der Lik\u00f6r ist! Berliner Luft Chilleoke ist also nichts f\u00fcr schwache Nerven.<\/p>\n","protected":false},"featured_media":2722,"comment_status":"open","ping_status":"closed","template":"","meta":[],"product_brand":[],"product_cat":[174],"product_tag":[175,180,176],"class_list":{"0":"post-2696","1":"product","2":"type-product","3":"status-publish","4":"has-post-thumbnail","6":"product_cat-berliner-luft","7":"product_tag-berliner","8":"product_tag-chilleoke","9":"product_tag-luft","11":"first","12":"instock","13":"featured","14":"downloadable","15":"virtual","16":"purchasable","17":"product-type-simple"},"_links":{"self":[{"href":"https:\/\/22lampef.bplaced.net\/index.php?rest_route=\/wp\/v2\/product\/2696","targetHints":{"allow":["GET"]}}],"collection":[{"href":"https:\/\/22lampef.bplaced.net\/index.php?rest_route=\/wp\/v2\/product"}],"about":[{"href":"https:\/\/22lampef.bplaced.net\/index.php?rest_route=\/wp\/v2\/types\/product"}],"replies":[{"embeddable":true,"href":"https:\/\/22lampef.bplaced.net\/index.php?rest_route=%2Fwp%2Fv2%2Fcomments&post=2696"}],"wp:featuredmedia":[{"embeddable":true,"href":"https:\/\/22lampef.bplaced.net\/index.php?rest_route=\/wp\/v2\/media\/2722"}],"wp:attachment":[{"href":"https:\/\/22lampef.bplaced.net\/index.php?rest_route=%2Fwp%2Fv2%2Fmedia&parent=2696"}],"wp:term":[{"taxonomy":"product_brand","embeddable":true,"href":"https:\/\/22lampef.bplaced.net\/index.php?rest_route=%2Fwp%2Fv2%2Fproduct_brand&post=2696"},{"taxonomy":"product_cat","embeddable":true,"href":"https:\/\/22lampef.bplaced.net\/index.php?rest_route=%2Fwp%2Fv2%2Fproduct_cat&post=2696"},{"taxonomy":"product_tag","embeddable":true,"href":"https:\/\/22lampef.bplaced.net\/index.php?rest_route=%2Fwp%2Fv2%2Fproduct_tag&post=2696"}],"curies":[{"name":"wp","href":"https:\/\/api.w.org\/{rel}","templated":true}]}}